{"id":51655,"date":"2021-03-09T15:48:04","date_gmt":"2021-03-09T14:48:04","guid":{"rendered":"https:\/\/www.prinzauto.com\/%d9%81%d9%8a-%d9%85%d8%a7-%d9%8a%d8%ae%d8%b5%d9%86%d8%a7\/"},"modified":"2021-10-06T11:29:54","modified_gmt":"2021-10-06T10:29:54","slug":"%d9%81%d9%8a-%d9%85%d8%a7-%d9%8a%d8%ae%d8%b5%d9%86%d8%a7","status":"publish","type":"page","link":"https:\/\/www.prinzauto.com\/ar\/%d9%81%d9%8a-%d9%85%d8%a7-%d9%8a%d8%ae%d8%b5%d9%86%d8%a7\/","title":{"rendered":"\u0641\u064a \u0645\u0627 \u064a\u062e\u0635\u0646\u0627"},"content":{"rendered":"<p>[et_pb_section fb_built=&#8221;1&#8243; custom_padding_last_edited=&#8221;off|desktop&#8221; admin_label=&#8221;Hero&#8221; _builder_version=&#8221;4.6.6&#8243; use_background_color_gradient=&#8221;on&#8221; background_color_gradient_start=&#8221;rgba(0,0,0,0.23)&#8221; background_color_gradient_end=&#8221;rgba(0,0,0,0.13)&#8221; background_color_gradient_direction=&#8221;90deg&#8221; background_color_gradient_overlays_image=&#8221;on&#8221; background_image=&#8221;http:\/\/www.prinzauto.com\/wp-content\/uploads\/2020\/11\/team.jpg&#8221; background_position=&#8221;center_left&#8221; custom_padding=&#8221;10vw|0px||0px|false|false&#8221; locked=&#8221;off&#8221;][et_pb_row _builder_version=&#8221;4.4.1&#8243; background_size=&#8221;initial&#8221; background_position=&#8221;top_left&#8221; background_repeat=&#8221;repeat&#8221; custom_margin=&#8221;|||&#8221; animation_style=&#8221;zoom&#8221; animation_intensity_zoom=&#8221;4%&#8221;][et_pb_column type=&#8221;4_4&#8243; _builder_version=&#8221;3.25&#8243; custom_padding=&#8221;|||&#8221; custom_padding__hover=&#8221;|||&#8221;][et_pb_text admin_label=&#8221;Title&#8221; _builder_version=&#8221;4.7.7&#8243; text_font=&#8221;||||||||&#8221; header_font=&#8221;|700||on|||||&#8221; header_font_size=&#8221;64px&#8221; background_layout=&#8221;dark&#8221; width_tablet=&#8221;&#8221; width_phone=&#8221;&#8221; width_last_edited=&#8221;on|desktop&#8221; animation_style=&#8221;fold&#8221; animation_direction=&#8221;bottom&#8221; animation_delay=&#8221;50ms&#8221; animation_intensity_fold=&#8221;30%&#8221; animation_starting_opacity=&#8221;100%&#8221; header_font_size_tablet=&#8221;&#8221; header_font_size_phone=&#8221;40px&#8221; header_font_size_last_edited=&#8221;on|phone&#8221;]<\/p>\n<h1>Une histoire de passion<\/h1>\n<p>[\/et_pb_text][et_pb_text _builder_version=&#8221;4.7.7&#8243; text_font=&#8221;|300|||||||&#8221; text_font_size=&#8221;20px&#8221; text_line_height=&#8221;1.6em&#8221; header_font=&#8221;||||||||&#8221; background_layout=&#8221;dark&#8221; max_width=&#8221;70%&#8221; max_width_tablet=&#8221;&#8221; max_width_phone=&#8221;100%&#8221; max_width_last_edited=&#8221;on|phone&#8221; animation_style=&#8221;fold&#8221; animation_direction=&#8221;bottom&#8221; animation_delay=&#8221;100ms&#8221; animation_intensity_fold=&#8221;30%&#8221; animation_starting_opacity=&#8221;100%&#8221;]<\/p>\n<p>PRINZ\u00ae Automotive c\u2019est avant tout une grande passion de l\u2019automobile et de la performance, c\u2019est \u00e9galement une vision pr\u00e9cise du m\u00e9tier de l\u2019automobile avec ses particularit\u00e9s, ses codes et ses process. Prinz\u00ae Automotive c\u2019est surtout l\u2019expertise pointue d\u2019hommes et de femmes passionn\u00e9s de qualit\u00e9 et du sens du service.<\/p>\n<p>[\/et_pb_text][et_pb_divider show_divider=&#8221;off&#8221; _builder_version=&#8221;4.4.1&#8243; height=&#8221;50px&#8221;][\/et_pb_divider][\/et_pb_column][\/et_pb_row][\/et_pb_section][et_pb_section fb_built=&#8221;1&#8243; admin_label=&#8221;Featured Recipe Section&#8221; _builder_version=&#8221;4.6.6&#8243; background_color=&#8221;#000000&#8243; background_enable_image=&#8221;off&#8221; custom_padding=&#8221;90px|0px|90px|0px&#8221; locked=&#8221;off&#8221;][et_pb_row _builder_version=&#8221;4.6.6&#8243;][et_pb_column type=&#8221;4_4&#8243; _builder_version=&#8221;4.4.1&#8243;][et_pb_text _builder_version=&#8221;4.9.4&#8243; text_font=&#8221;|300|on||||||&#8221; text_text_color=&#8221;#ffffff&#8221; header_font=&#8221;||||||||&#8221; header_text_align=&#8221;left&#8221; header_2_font=&#8221;|600|||||||&#8221; header_2_text_align=&#8221;left&#8221; header_2_font_size=&#8221;40px&#8221; background_layout=&#8221;dark&#8221; width=&#8221;100%&#8221; module_alignment=&#8221;center&#8221; hover_enabled=&#8221;0&#8243; sticky_enabled=&#8221;0&#8243;]<\/p>\n<h2>Fort de plus de 25 ans d&#8217;exp\u00e9rience dans la pi\u00e8ce automobile, PRINZ con\u00e7oit et commercialise des gammes de produits de qualit\u00e9 reconnus \u00e0 l&#8217;international.<\/h2>\n<p>[\/et_pb_text][\/et_pb_column][\/et_pb_row][et_pb_row _builder_version=&#8221;4.4.1&#8243;][et_pb_column type=&#8221;4_4&#8243; _builder_version=&#8221;4.4.1&#8243;][et_pb_text _builder_version=&#8221;4.6.6&#8243; text_font=&#8221;|300|||||||&#8221; text_text_color=&#8221;#ffffff&#8221; header_font=&#8221;||||||||&#8221; header_text_align=&#8221;left&#8221; header_2_font=&#8221;|700||on|||||&#8221; header_2_text_align=&#8221;left&#8221; header_2_font_size=&#8221;40px&#8221; background_layout=&#8221;dark&#8221; width=&#8221;100%&#8221; module_alignment=&#8221;center&#8221;]Une expertise technique pointue et une connaissance des proc\u00e9dures commerciales internationales, PRINZ s&#8217;est affirm\u00e9e sur les diff\u00e9rents march\u00e9s, des pi\u00e8ces automobiles certifi\u00e9es qualit\u00e9 d&#8217;origine.\u00a0Nos usines sont ISO 9001, ob\u00e9issent aux r\u00e8glementations en vigueur. Nos laboratoires sont int\u00e9gr\u00e9s aux unit\u00e9s de production, le contr\u00f4le qualit\u00e9 est permanent.<\/p>\n<p>PRINZ d\u00e9veloppe des partenariats avec un certain nombre de soci\u00e9t\u00e9s internationales comme CLAS le leader des \u00e9quipements de garage premium.[\/et_pb_text][\/et_pb_column][\/et_pb_row][\/et_pb_section][et_pb_section fb_built=&#8221;1&#8243; admin_label=&#8221;Featured Recipe Section&#8221; _builder_version=&#8221;4.6.6&#8243; background_color=&#8221;#000000&#8243; use_background_color_gradient=&#8221;on&#8221; background_color_gradient_start=&#8221;#0a0a0a&#8221; background_color_gradient_end=&#8221;#003035&#8243; background_enable_image=&#8221;off&#8221; custom_padding=&#8221;90px|0px|90px|0px&#8221; locked=&#8221;off&#8221;][et_pb_row _builder_version=&#8221;4.6.6&#8243;][et_pb_column type=&#8221;4_4&#8243; _builder_version=&#8221;4.4.1&#8243;][et_pb_text _builder_version=&#8221;4.6.6&#8243; text_font=&#8221;|300|on||||||&#8221; text_text_color=&#8221;#ffffff&#8221; header_font=&#8221;||||||||&#8221; header_text_align=&#8221;left&#8221; header_2_font=&#8221;|600|||||||&#8221; header_2_text_align=&#8221;center&#8221; header_2_font_size=&#8221;40px&#8221; background_layout=&#8221;dark&#8221; width=&#8221;100%&#8221; module_alignment=&#8221;center&#8221;]<\/p>\n<h2>PRINZ en quelques chiffres<\/h2>\n<p>[\/et_pb_text][\/et_pb_column][\/et_pb_row][et_pb_row column_structure=&#8221;1_4,1_4,1_4,1_4&#8243; _builder_version=&#8221;4.6.6&#8243;][et_pb_column type=&#8221;1_4&#8243; _builder_version=&#8221;4.4.1&#8243;][et_pb_number_counter title=&#8221;R\u00e9ferences produits&#8221; number=&#8221;+5000&#8243; percent_sign=&#8221;off&#8221; _builder_version=&#8221;4.6.6&#8243; _module_preset=&#8221;default&#8221; title_font=&#8221;|||on|||||&#8221; title_font_size=&#8221;22px&#8221; number_font=&#8221;|700|||||||&#8221; background_layout=&#8221;dark&#8221;][\/et_pb_number_counter][\/et_pb_column][et_pb_column type=&#8221;1_4&#8243; _builder_version=&#8221;4.4.1&#8243;][et_pb_number_counter title=&#8221;Sites de production&#8221; number=&#8221;10&#8243; percent_sign=&#8221;off&#8221; _builder_version=&#8221;4.6.6&#8243; _module_preset=&#8221;default&#8221; title_font=&#8221;|||on|||||&#8221; title_font_size=&#8221;22px&#8221; number_font=&#8221;|700|||||||&#8221; background_layout=&#8221;dark&#8221;][\/et_pb_number_counter][\/et_pb_column][et_pb_column type=&#8221;1_4&#8243; _builder_version=&#8221;4.4.1&#8243;][et_pb_number_counter title=&#8221;Marques&#8221; number=&#8221;7&#8243; percent_sign=&#8221;off&#8221; _builder_version=&#8221;4.7.7&#8243; _module_preset=&#8221;default&#8221; title_font=&#8221;|||on|||||&#8221; title_font_size=&#8221;22px&#8221; number_font=&#8221;|700|||||||&#8221; background_layout=&#8221;dark&#8221;][\/et_pb_number_counter][\/et_pb_column][et_pb_column type=&#8221;1_4&#8243; _builder_version=&#8221;4.4.1&#8243;][et_pb_number_counter title=&#8221;Pays&#8221; number=&#8221;+20&#8243; percent_sign=&#8221;off&#8221; _builder_version=&#8221;4.6.6&#8243; _module_preset=&#8221;default&#8221; title_font=&#8221;|||on|||||&#8221; title_font_size=&#8221;22px&#8221; number_font=&#8221;|700|||||||&#8221; background_layout=&#8221;dark&#8221;][\/et_pb_number_counter][\/et_pb_column][\/et_pb_row][et_pb_row _builder_version=&#8221;4.6.6&#8243;][et_pb_column type=&#8221;4_4&#8243; _builder_version=&#8221;4.4.1&#8243;][dsm_image_reveal reveal_text=&#8221;Une entreprise fran\u00e7aise tourn\u00e9e vers le monde&#8221; src=&#8221;http:\/\/www.prinzauto.com\/wp-content\/uploads\/2020\/11\/carte-monde.jpg&#8221; alt=&#8221;Internationale&#8221; title_text=&#8221;Internationale&#8221; reveal_overlay_color=&#8221;#e02b20&#8243; _builder_version=&#8221;4.6.6&#8243; _module_preset=&#8221;default&#8221; reveal_text_font=&#8221;|800||on|||||&#8221; reveal_text_text_align=&#8221;center&#8221; reveal_text_font_size=&#8221;40px&#8221; module_alignment=&#8221;center&#8221; animation_style=&#8221;slide&#8221;][\/dsm_image_reveal][\/et_pb_column][\/et_pb_row][\/et_pb_section][et_pb_section fb_built=&#8221;1&#8243; _builder_version=&#8221;4.6.6&#8243; _module_preset=&#8221;default&#8221; background_color=&#8221;#000000&#8243; background_enable_image=&#8221;off&#8221; parallax=&#8221;on&#8221; parallax_method=&#8221;off&#8221; custom_margin=&#8221;||||false|false&#8221; custom_padding=&#8221;||0px||false|false&#8221; animation_style=&#8221;fade&#8221;][et_pb_row _builder_version=&#8221;4.6.6&#8243; _module_preset=&#8221;default&#8221; custom_margin=&#8221;||||false|false&#8221; custom_padding=&#8221;3%||3%||false|false&#8221;][et_pb_column type=&#8221;4_4&#8243; _builder_version=&#8221;4.6.6&#8243; _module_preset=&#8221;default&#8221;][et_pb_text admin_label=&#8221;Title&#8221; _builder_version=&#8221;4.7.7&#8243; text_font=&#8221;||||||||&#8221; header_font=&#8221;||||||||&#8221; header_text_color=&#8221;#000000&#8243; header_2_font=&#8221;|700||on|||||&#8221; header_2_text_color=&#8221;#ffffff&#8221; header_2_font_size=&#8221;40px&#8221; text_orientation=&#8221;center&#8221; custom_margin=&#8221;||15px|&#8221; animation_style=&#8221;fade&#8221; locked=&#8221;off&#8221;]<\/p>\n<h2>Nos marques<\/h2>\n<p>Cliquez sur les logos pour \u00eatre redirig\u00e9 vers le site de la marque<\/p>\n<p>[\/et_pb_text][\/et_pb_column][\/et_pb_row][et_pb_row column_structure=&#8221;1_3,1_3,1_3&#8243; _builder_version=&#8221;4.6.6&#8243; _module_preset=&#8221;default&#8221; custom_padding=&#8221;0px||5%||false|false&#8221;][et_pb_column type=&#8221;1_3&#8243; _builder_version=&#8221;4.6.6&#8243; _module_preset=&#8221;default&#8221;][et_pb_image src=&#8221;http:\/\/www.prinzauto.com\/wp-content\/uploads\/2020\/11\/prinz-logo.png&#8221; title_text=&#8221;prinz-logo&#8221; _builder_version=&#8221;4.7.7&#8243; _module_preset=&#8221;default&#8221; animation_style=&#8221;fade&#8221; animation_duration=&#8221;2000ms&#8221;][\/et_pb_image][\/et_pb_column][et_pb_column type=&#8221;1_3&#8243; _builder_version=&#8221;4.6.6&#8243; _module_preset=&#8221;default&#8221;][et_pb_image src=&#8221;http:\/\/www.prinzauto.com\/wp-content\/uploads\/2020\/11\/falcon-white.png&#8221; title_text=&#8221;falcon-white&#8221; url=&#8221;http:\/\/falconspare.com\/&#8221; url_new_window=&#8221;on&#8221; _builder_version=&#8221;4.7.7&#8243; _module_preset=&#8221;default&#8221; animation_style=&#8221;fade&#8221; animation_duration=&#8221;2000ms&#8221;][\/et_pb_image][\/et_pb_column][et_pb_column type=&#8221;1_3&#8243; _builder_version=&#8221;4.6.6&#8243; _module_preset=&#8221;default&#8221;][et_pb_image src=&#8221;http:\/\/www.prinzauto.com\/wp-content\/uploads\/2020\/11\/oryx-white.png&#8221; title_text=&#8221;oryx-white&#8221; _builder_version=&#8221;4.6.6&#8243; _module_preset=&#8221;default&#8221; animation_style=&#8221;fade&#8221; animation_duration=&#8221;2000ms&#8221;][\/et_pb_image][\/et_pb_column][\/et_pb_row][et_pb_row column_structure=&#8221;1_3,1_3,1_3&#8243; _builder_version=&#8221;4.6.6&#8243; _module_preset=&#8221;default&#8221; custom_padding=&#8221;0px||5%||false|false&#8221;][et_pb_column type=&#8221;1_3&#8243; _builder_version=&#8221;4.6.6&#8243; _module_preset=&#8221;default&#8221;][et_pb_image src=&#8221;http:\/\/www.prinzauto.com\/wp-content\/uploads\/2020\/11\/clas.png&#8221; title_text=&#8221;clas&#8221; url=&#8221;https:\/\/www.clas.com\/fr\/&#8221; url_new_window=&#8221;on&#8221; _builder_version=&#8221;4.7.7&#8243; _module_preset=&#8221;default&#8221; animation_style=&#8221;fade&#8221;][\/et_pb_image][\/et_pb_column][et_pb_column type=&#8221;1_3&#8243; _builder_version=&#8221;4.6.6&#8243; _module_preset=&#8221;default&#8221;][et_pb_image src=&#8221;http:\/\/www.prinzauto.com\/wp-content\/uploads\/2020\/11\/fox-white.png&#8221; title_text=&#8221;fox-white&#8221; _builder_version=&#8221;4.6.6&#8243; _module_preset=&#8221;default&#8221; animation_style=&#8221;fade&#8221; animation_duration=&#8221;2000ms&#8221;][\/et_pb_image][\/et_pb_column][et_pb_column type=&#8221;1_3&#8243; _builder_version=&#8221;4.6.6&#8243; _module_preset=&#8221;default&#8221;][et_pb_image src=&#8221;http:\/\/www.prinzauto.com\/wp-content\/uploads\/2020\/11\/gold-white.png&#8221; title_text=&#8221;gold-white&#8221; _builder_version=&#8221;4.6.6&#8243; _module_preset=&#8221;default&#8221; animation_style=&#8221;fade&#8221; animation_duration=&#8221;2000ms&#8221;][\/et_pb_image][\/et_pb_column][\/et_pb_row][et_pb_row column_structure=&#8221;1_3,1_3,1_3&#8243; _builder_version=&#8221;4.6.6&#8243; _module_preset=&#8221;default&#8221; custom_padding=&#8221;0px||5%||false|false&#8221;][et_pb_column type=&#8221;1_3&#8243; _builder_version=&#8221;4.6.6&#8243; _module_preset=&#8221;default&#8221;][\/et_pb_column][et_pb_column type=&#8221;1_3&#8243; _builder_version=&#8221;4.6.6&#8243; _module_preset=&#8221;default&#8221;][et_pb_image src=&#8221;https:\/\/www.prinzauto.com\/wp-content\/uploads\/2021\/04\/pzl-white-1.png&#8221; title_text=&#8221;pzl-white&#8221; url=&#8221;https:\/\/www.prinzauto.com\/ar\/%d9%85%d8%b1%d8%b4%d8%ad%d8%a7%d8%aa-pzl\/&#8221; url_new_window=&#8221;on&#8221; _builder_version=&#8221;4.7.7&#8243; _module_preset=&#8221;default&#8221; animation_style=&#8221;fade&#8221; animation_duration=&#8221;2000ms&#8221;][\/et_pb_image][\/et_pb_column][et_pb_column type=&#8221;1_3&#8243; _builder_version=&#8221;4.6.6&#8243; _module_preset=&#8221;default&#8221;][\/et_pb_column][\/et_pb_row][\/et_pb_section][et_pb_section fb_built=&#8221;1&#8243; admin_label=&#8221;Featured Recipe Section&#8221; _builder_version=&#8221;4.4.1&#8243; background_color=&#8221;#141414&#8243; background_enable_image=&#8221;off&#8221; custom_padding=&#8221;90px|0px|90px|0px&#8221; locked=&#8221;off&#8221;][et_pb_row _builder_version=&#8221;4.6.6&#8243;][et_pb_column type=&#8221;4_4&#8243; _builder_version=&#8221;4.4.1&#8243;][et_pb_text _builder_version=&#8221;4.6.6&#8243; text_font=&#8221;|300|on||||||&#8221; text_text_color=&#8221;#ffffff&#8221; header_font=&#8221;||||||||&#8221; header_text_align=&#8221;left&#8221; header_2_font=&#8221;|600|||||||&#8221; header_2_text_align=&#8221;left&#8221; header_2_font_size=&#8221;40px&#8221; background_layout=&#8221;dark&#8221; width=&#8221;100%&#8221; module_alignment=&#8221;center&#8221;]<\/p>\n<h2>Un vrai partenaire de travail, un accompagnement quotidien et une expertise \u00e0 votre service<\/h2>\n<p>[\/et_pb_text][\/et_pb_column][\/et_pb_row][et_pb_row column_structure=&#8221;1_2,1_2&#8243; make_equal=&#8221;on&#8221; _builder_version=&#8221;4.6.6&#8243; custom_css_main_element=&#8221;align-items: center;&#8221;][et_pb_column type=&#8221;1_2&#8243; _builder_version=&#8221;4.4.1&#8243;][et_pb_image src=&#8221;http:\/\/www.prinzauto.com\/wp-content\/uploads\/2020\/11\/logistique.jpg&#8221; alt=&#8221;Expertise logistique&#8221; title_text=&#8221;Expertise logistique&#8221; _builder_version=&#8221;4.6.6&#8243; _module_preset=&#8221;default&#8221;][\/et_pb_image][\/et_pb_column][et_pb_column type=&#8221;1_2&#8243; _builder_version=&#8221;4.4.1&#8243;][et_pb_text _builder_version=&#8221;4.6.6&#8243; text_font=&#8221;|300|||||||&#8221; text_text_color=&#8221;#ffffff&#8221; header_font=&#8221;||||||||&#8221; header_text_align=&#8221;left&#8221; header_2_font=&#8221;|700||on|||||&#8221; header_2_text_align=&#8221;left&#8221; header_2_font_size=&#8221;40px&#8221; background_layout=&#8221;dark&#8221; width=&#8221;100%&#8221; module_alignment=&#8221;center&#8221; custom_padding=&#8221;||0px|||&#8221;]<\/p>\n<p>PRINZ est une soci\u00e9t\u00e9 fran\u00e7aise tourn\u00e9e vers l&#8217;international, nous exportons des pi\u00e8ces automobiles et offrant un service sur mesure \u00e0 l&#8217;ensemble de nos clients, un gage de confiance et de s\u00e9curit\u00e9.<\/p>\n<p>PRINZ se positionne comme partenaire expert et vous accompagne \u00e0 chaque \u00e9tape, de la commande \u00e0 la\u00a0commercialisation des produits.<\/p>\n<ul>\n<li>Soci\u00e9t\u00e9 \u00e0 taille humaine<\/li>\n<li>Sp\u00e9cialiste de l&#8217;export<\/li>\n<li>Expertise technique<\/li>\n<li>Produits de qualit\u00e9 OE<\/li>\n<li>Expertise Afrique,\u00a0Moyen-Orient et Outre-Mer<\/li>\n<\/ul>\n<p>&nbsp;<\/p>\n<p>[\/et_pb_text][\/et_pb_column][\/et_pb_row][\/et_pb_section]<\/p>\n","protected":false},"excerpt":{"rendered":"<p>Une histoire de passionPRINZ\u00ae Automotive c\u2019est avant tout une grande passion de l\u2019automobile et de la performance, c\u2019est \u00e9galement une vision pr\u00e9cise du m\u00e9tier de l\u2019automobile avec ses particularit\u00e9s, ses codes et ses process. Prinz\u00ae Automotive c\u2019est surtout l\u2019expertise pointue d\u2019hommes et de femmes passionn\u00e9s de qualit\u00e9 et du sens du service.Fort de plus de [&hellip;]<\/p>\n","protected":false},"author":1,"featured_media":0,"parent":0,"menu_order":7,"comment_status":"closed","ping_status":"closed","template":"","meta":{"_et_pb_use_builder":"on","_et_pb_old_content":"","_et_gb_content_width":"","footnotes":""},"class_list":["post-51655","page","type-page","status-publish","hentry"],"yoast_head":"<!-- This site is optimized with the Yoast SEO plugin v20.12 - https:\/\/yoast.com\/wordpress\/plugins\/seo\/ -->\n<title>\u0641\u064a \u0645\u0627 \u064a\u062e\u0635\u0646\u0627 - PRINZ<\/title>\n<meta name=\"robots\" content=\"index, follow, max-snippet:-1, max-image-preview:large, max-video-preview:-1\" \/>\n<link rel=\"canonical\" href=\"https:\/\/www.prinzauto.com\/ar\/\u0641\u064a-\u0645\u0627-\u064a\u062e\u0635\u0646\u0627\/\" \/>\n<meta property=\"og:locale\" content=\"ar_AR\" \/>\n<meta property=\"og:type\" content=\"article\" \/>\n<meta property=\"og:title\" content=\"\u0641\u064a \u0645\u0627 \u064a\u062e\u0635\u0646\u0627 - PRINZ\" \/>\n<meta property=\"og:description\" content=\"Une histoire de passionPRINZ\u00ae Automotive c\u2019est avant tout une grande passion de l\u2019automobile et de la performance, c\u2019est \u00e9galement une vision pr\u00e9cise du m\u00e9tier de l\u2019automobile avec ses particularit\u00e9s, ses codes et ses process. Prinz\u00ae Automotive c\u2019est surtout l\u2019expertise pointue d\u2019hommes et de femmes passionn\u00e9s de qualit\u00e9 et du sens du service.Fort de plus de [&hellip;]\" \/>\n<meta property=\"og:url\" content=\"https:\/\/www.prinzauto.com\/ar\/\u0641\u064a-\u0645\u0627-\u064a\u062e\u0635\u0646\u0627\/\" \/>\n<meta property=\"og:site_name\" content=\"PRINZ\" \/>\n<meta property=\"article:modified_time\" content=\"2021-10-06T10:29:54+00:00\" \/>\n<meta name=\"twitter:card\" content=\"summary_large_image\" \/>\n<meta name=\"twitter:label1\" content=\"\u0648\u0642\u062a \u0627\u0644\u0642\u0631\u0627\u0621\u0629 \u0627\u0644\u0645\u064f\u0642\u062f\u0651\u0631\" \/>\n\t<meta name=\"twitter:data1\" content=\"9 \u062f\u0642\u0627\u0626\u0642\" \/>\n<script type=\"application\/ld+json\" class=\"yoast-schema-graph\">{\"@context\":\"https:\/\/schema.org\",\"@graph\":[{\"@type\":\"WebPage\",\"@id\":\"https:\/\/www.prinzauto.com\/ar\/%d9%81%d9%8a-%d9%85%d8%a7-%d9%8a%d8%ae%d8%b5%d9%86%d8%a7\/\",\"url\":\"https:\/\/www.prinzauto.com\/ar\/%d9%81%d9%8a-%d9%85%d8%a7-%d9%8a%d8%ae%d8%b5%d9%86%d8%a7\/\",\"name\":\"\u0641\u064a \u0645\u0627 \u064a\u062e\u0635\u0646\u0627 - PRINZ\",\"isPartOf\":{\"@id\":\"https:\/\/www.prinzauto.com\/#website\"},\"datePublished\":\"2021-03-09T14:48:04+00:00\",\"dateModified\":\"2021-10-06T10:29:54+00:00\",\"breadcrumb\":{\"@id\":\"https:\/\/www.prinzauto.com\/ar\/%d9%81%d9%8a-%d9%85%d8%a7-%d9%8a%d8%ae%d8%b5%d9%86%d8%a7\/#breadcrumb\"},\"inLanguage\":\"ar\",\"potentialAction\":[{\"@type\":\"ReadAction\",\"target\":[\"https:\/\/www.prinzauto.com\/ar\/%d9%81%d9%8a-%d9%85%d8%a7-%d9%8a%d8%ae%d8%b5%d9%86%d8%a7\/\"]}]},{\"@type\":\"BreadcrumbList\",\"@id\":\"https:\/\/www.prinzauto.com\/ar\/%d9%81%d9%8a-%d9%85%d8%a7-%d9%8a%d8%ae%d8%b5%d9%86%d8%a7\/#breadcrumb\",\"itemListElement\":[{\"@type\":\"ListItem\",\"position\":1,\"name\":\"Accueil\",\"item\":\"https:\/\/www.prinzauto.com\/\"},{\"@type\":\"ListItem\",\"position\":2,\"name\":\"\u0641\u064a \u0645\u0627 \u064a\u062e\u0635\u0646\u0627\"}]},{\"@type\":\"WebSite\",\"@id\":\"https:\/\/www.prinzauto.com\/#website\",\"url\":\"https:\/\/www.prinzauto.com\/\",\"name\":\"PRINZ\",\"description\":\"Nothing But The Best\",\"potentialAction\":[{\"@type\":\"SearchAction\",\"target\":{\"@type\":\"EntryPoint\",\"urlTemplate\":\"https:\/\/www.prinzauto.com\/?s={search_term_string}\"},\"query-input\":\"required name=search_term_string\"}],\"inLanguage\":\"ar\"}]}<\/script>\n<!-- \/ Yoast SEO plugin. -->","yoast_head_json":{"title":"\u0641\u064a \u0645\u0627 \u064a\u062e\u0635\u0646\u0627 - PRINZ","robots":{"index":"index","follow":"follow","max-snippet":"max-snippet:-1","max-image-preview":"max-image-preview:large","max-video-preview":"max-video-preview:-1"},"canonical":"https:\/\/www.prinzauto.com\/ar\/\u0641\u064a-\u0645\u0627-\u064a\u062e\u0635\u0646\u0627\/","og_locale":"ar_AR","og_type":"article","og_title":"\u0641\u064a \u0645\u0627 \u064a\u062e\u0635\u0646\u0627 - PRINZ","og_description":"Une histoire de passionPRINZ\u00ae Automotive c\u2019est avant tout une grande passion de l\u2019automobile et de la performance, c\u2019est \u00e9galement une vision pr\u00e9cise du m\u00e9tier de l\u2019automobile avec ses particularit\u00e9s, ses codes et ses process. Prinz\u00ae Automotive c\u2019est surtout l\u2019expertise pointue d\u2019hommes et de femmes passionn\u00e9s de qualit\u00e9 et du sens du service.Fort de plus de [&hellip;]","og_url":"https:\/\/www.prinzauto.com\/ar\/\u0641\u064a-\u0645\u0627-\u064a\u062e\u0635\u0646\u0627\/","og_site_name":"PRINZ","article_modified_time":"2021-10-06T10:29:54+00:00","twitter_card":"summary_large_image","twitter_misc":{"\u0648\u0642\u062a \u0627\u0644\u0642\u0631\u0627\u0621\u0629 \u0627\u0644\u0645\u064f\u0642\u062f\u0651\u0631":"9 \u062f\u0642\u0627\u0626\u0642"},"schema":{"@context":"https:\/\/schema.org","@graph":[{"@type":"WebPage","@id":"https:\/\/www.prinzauto.com\/ar\/%d9%81%d9%8a-%d9%85%d8%a7-%d9%8a%d8%ae%d8%b5%d9%86%d8%a7\/","url":"https:\/\/www.prinzauto.com\/ar\/%d9%81%d9%8a-%d9%85%d8%a7-%d9%8a%d8%ae%d8%b5%d9%86%d8%a7\/","name":"\u0641\u064a \u0645\u0627 \u064a\u062e\u0635\u0646\u0627 - PRINZ","isPartOf":{"@id":"https:\/\/www.prinzauto.com\/#website"},"datePublished":"2021-03-09T14:48:04+00:00","dateModified":"2021-10-06T10:29:54+00:00","breadcrumb":{"@id":"https:\/\/www.prinzauto.com\/ar\/%d9%81%d9%8a-%d9%85%d8%a7-%d9%8a%d8%ae%d8%b5%d9%86%d8%a7\/#breadcrumb"},"inLanguage":"ar","potentialAction":[{"@type":"ReadAction","target":["https:\/\/www.prinzauto.com\/ar\/%d9%81%d9%8a-%d9%85%d8%a7-%d9%8a%d8%ae%d8%b5%d9%86%d8%a7\/"]}]},{"@type":"BreadcrumbList","@id":"https:\/\/www.prinzauto.com\/ar\/%d9%81%d9%8a-%d9%85%d8%a7-%d9%8a%d8%ae%d8%b5%d9%86%d8%a7\/#breadcrumb","itemListElement":[{"@type":"ListItem","position":1,"name":"Accueil","item":"https:\/\/www.prinzauto.com\/"},{"@type":"ListItem","position":2,"name":"\u0641\u064a \u0645\u0627 \u064a\u062e\u0635\u0646\u0627"}]},{"@type":"WebSite","@id":"https:\/\/www.prinzauto.com\/#website","url":"https:\/\/www.prinzauto.com\/","name":"PRINZ","description":"Nothing But The Best","potentialAction":[{"@type":"SearchAction","target":{"@type":"EntryPoint","urlTemplate":"https:\/\/www.prinzauto.com\/?s={search_term_string}"},"query-input":"required name=search_term_string"}],"inLanguage":"ar"}]}},"_links":{"self":[{"href":"https:\/\/www.prinzauto.com\/ar\/wp-json\/wp\/v2\/pages\/51655","targetHints":{"allow":["GET"]}}],"collection":[{"href":"https:\/\/www.prinzauto.com\/ar\/wp-json\/wp\/v2\/pages"}],"about":[{"href":"https:\/\/www.prinzauto.com\/ar\/wp-json\/wp\/v2\/types\/page"}],"author":[{"embeddable":true,"href":"https:\/\/www.prinzauto.com\/ar\/wp-json\/wp\/v2\/users\/1"}],"replies":[{"embeddable":true,"href":"https:\/\/www.prinzauto.com\/ar\/wp-json\/wp\/v2\/comments?post=51655"}],"version-history":[{"count":8,"href":"https:\/\/www.prinzauto.com\/ar\/wp-json\/wp\/v2\/pages\/51655\/revisions"}],"predecessor-version":[{"id":54616,"href":"https:\/\/www.prinzauto.com\/ar\/wp-json\/wp\/v2\/pages\/51655\/revisions\/54616"}],"wp:attachment":[{"href":"https:\/\/www.prinzauto.com\/ar\/wp-json\/wp\/v2\/media?parent=51655"}],"curies":[{"name":"wp","href":"https:\/\/api.w.org\/{rel}","templated":true}]}}