{"id":51483,"date":"2021-03-09T15:17:08","date_gmt":"2021-03-09T14:17:08","guid":{"rendered":"https:\/\/www.prinzauto.com\/equip-auto-2020-alger\/"},"modified":"2021-10-18T14:03:45","modified_gmt":"2021-10-18T13:03:45","slug":"equip-auto-2020-alger","status":"publish","type":"page","link":"https:\/\/www.prinzauto.com\/ar\/equip-auto-2020-alger\/","title":{"rendered":"Equip Auto 2020 Alger"},"content":{"rendered":"<p>[et_pb_section fb_built=&#8221;1&#8243; admin_label=&#8221;Page Title Section&#8221; _builder_version=&#8221;4.4.1&#8243; use_background_color_gradient=&#8221;on&#8221; background_color_gradient_start=&#8221;#000000&#8243; background_color_gradient_end=&#8221;rgba(0,0,0,0)&#8221; background_color_gradient_direction=&#8221;120deg&#8221; background_color_gradient_overlays_image=&#8221;on&#8221; background_image=&#8221;http:\/\/www.prinzauto.com\/wp-content\/uploads\/2020\/04\/IMG_7567-scaled.jpg&#8221; custom_padding=&#8221;110px||110px|&#8221;][et_pb_row column_structure=&#8221;2_3,1_3&#8243; _builder_version=&#8221;3.25&#8243; background_size=&#8221;initial&#8221; background_position=&#8221;top_left&#8221; background_repeat=&#8221;repeat&#8221;][et_pb_column type=&#8221;2_3&#8243; _builder_version=&#8221;3.25&#8243; custom_padding=&#8221;|||&#8221; custom_padding__hover=&#8221;|||&#8221;][et_pb_text admin_label=&#8221;Title&#8221; _builder_version=&#8221;4.4.1&#8243; text_font=&#8221;||||||||&#8221; header_font=&#8221;Poppins|600|||||||&#8221; header_font_size=&#8221;60px&#8221; header_line_height=&#8221;1.2em&#8221; header_2_font=&#8221;||||||||&#8221; header_2_font_size=&#8221;60px&#8221; background_layout=&#8221;dark&#8221; custom_margin=&#8221;||20px|&#8221; custom_padding=&#8221;|||&#8221; animation_style=&#8221;fade&#8221; header_font_size_tablet=&#8221;&#8221; header_font_size_phone=&#8221;40px&#8221; header_font_size_last_edited=&#8221;on|phone&#8221;]<\/p>\n<h1>Equip Auto 2020 Alger<\/h1>\n<p>[\/et_pb_text][et_pb_text admin_label=&#8221;Page Subtitle&#8221; _builder_version=&#8221;4.4.1&#8243; text_font=&#8221;Poppins||||||||&#8221; text_line_height=&#8221;1.8em&#8221; header_font=&#8221;||||||||&#8221; background_layout=&#8221;dark&#8221; width=&#8221;70%&#8221; animation_style=&#8221;fade&#8221;]<\/p>\n<p>\u0634\u0643\u0631\u0627 \u0644\u0632\u064a\u0627\u0631\u062a\u0643\u0645 \u0644\u062c\u0646\u0627\u062d\u0646\u0627 \u062e\u0644\u0627\u0644 \u0645\u0639\u0631\u0636 \u0627\u0644\u062a\u062c\u0627\u0631\u064a \u0627\u0644\u062f\u0648\u0644\u064a \u0627\u0644\u0630\u064a \u0623\u0642\u064a\u0645 \u0641\u064a \u0627\u0644\u062c\u0632\u0627\u0626\u0631 \u0627\u0644\u0639\u0627\u0635\u0645\u0629 \u060c \u0648\u0646\u0623\u0645\u0644 \u0623\u0646 \u064a\u0643\u0648\u0646 \u0641\u0631\u064a\u0642 \u0642\u062f \u062d\u0642\u0642 \u062a\u0648\u0642\u0639\u0627\u062a\u0643 \u060c \u0648\u0646\u062a\u0637\u0644\u0639 \u0625\u0644\u0649 \u0631\u0624\u064a\u062a\u0643 \u0641\u064a \u0627\u0644\u0645\u0639\u0627\u0631\u0636 \u0627\u0644\u0642\u0627\u062f\u0645\u0629<\/p>\n<p>[\/et_pb_text][\/et_pb_column][et_pb_column type=&#8221;1_3&#8243; _builder_version=&#8221;3.25&#8243; custom_padding=&#8221;|||&#8221; custom_padding__hover=&#8221;|||&#8221;][\/et_pb_column][\/et_pb_row][\/et_pb_section][et_pb_section fb_built=&#8221;1&#8243; _builder_version=&#8221;3.22&#8243; background_color=&#8221;#efe9e4&#8243; custom_padding=&#8221;90px||90px|&#8221;][et_pb_row column_structure=&#8221;1_3,1_3,1_3&#8243; use_custom_gutter=&#8221;on&#8221; gutter_width=&#8221;2&#8243; make_equal=&#8221;on&#8221; module_class=&#8221; et_pb_row_fullwidth&#8221; _builder_version=&#8221;3.25&#8243; width=&#8221;94%&#8221; width_tablet=&#8221;80%&#8221; width_phone=&#8221;&#8221; width_last_edited=&#8221;on|desktop&#8221; max_width=&#8221;94%&#8221; max_width_tablet=&#8221;80%&#8221; max_width_phone=&#8221;&#8221; max_width_last_edited=&#8221;on|desktop&#8221; make_fullwidth=&#8221;on&#8221;][et_pb_column type=&#8221;1_3&#8243; _builder_version=&#8221;3.25&#8243; custom_padding=&#8221;|||&#8221; custom_padding__hover=&#8221;|||&#8221;][et_pb_image src=&#8221;http:\/\/www.prinzauto.com\/wp-content\/uploads\/2020\/04\/DSC_5082-scaled.jpg&#8221; force_fullwidth=&#8221;on&#8221; align_tablet=&#8221;center&#8221; align_phone=&#8221;&#8221; align_last_edited=&#8221;on|desktop&#8221; _builder_version=&#8221;4.4.1&#8243; animation_style=&#8221;fade&#8221;][\/et_pb_image][et_pb_image src=&#8221;http:\/\/www.prinzauto.com\/wp-content\/uploads\/2020\/04\/DSC_5078-scaled.jpg&#8221; force_fullwidth=&#8221;on&#8221; align_tablet=&#8221;center&#8221; align_phone=&#8221;&#8221; align_last_edited=&#8221;on|desktop&#8221; _builder_version=&#8221;4.4.1&#8243; animation_style=&#8221;fade&#8221;][\/et_pb_image][et_pb_image src=&#8221;http:\/\/www.prinzauto.com\/wp-content\/uploads\/2020\/04\/DSC_4944-scaled.jpg&#8221; force_fullwidth=&#8221;on&#8221; align_tablet=&#8221;center&#8221; align_phone=&#8221;&#8221; align_last_edited=&#8221;on|desktop&#8221; _builder_version=&#8221;4.4.1&#8243; animation_style=&#8221;fade&#8221;][\/et_pb_image][et_pb_image src=&#8221;http:\/\/www.prinzauto.com\/wp-content\/uploads\/2020\/04\/DSC_5049-scaled.jpg&#8221; force_fullwidth=&#8221;on&#8221; align_tablet=&#8221;center&#8221; align_phone=&#8221;&#8221; align_last_edited=&#8221;on|desktop&#8221; _builder_version=&#8221;4.4.1&#8243; animation_style=&#8221;fade&#8221;][\/et_pb_image][et_pb_image src=&#8221;http:\/\/www.prinzauto.com\/wp-content\/uploads\/2020\/04\/DSC_5115-scaled.jpg&#8221; force_fullwidth=&#8221;on&#8221; align_tablet=&#8221;center&#8221; align_phone=&#8221;&#8221; align_last_edited=&#8221;on|desktop&#8221; _builder_version=&#8221;4.4.1&#8243; animation_style=&#8221;fade&#8221;][\/et_pb_image][et_pb_image src=&#8221;https:\/\/www.prinzauto.com\/wp-content\/uploads\/2020\/12\/IMG_7630-scaled.jpg&#8221; title_text=&#8221;IMG_7630&#8243; _builder_version=&#8221;4.7.7&#8243; _module_preset=&#8221;default&#8221;][\/et_pb_image][et_pb_image src=&#8221;https:\/\/www.prinzauto.com\/wp-content\/uploads\/2020\/12\/IMG_7605-scaled.jpg&#8221; title_text=&#8221;IMG_7605&#8243; _builder_version=&#8221;4.7.7&#8243; _module_preset=&#8221;default&#8221;][\/et_pb_image][\/et_pb_column][et_pb_column type=&#8221;1_3&#8243; _builder_version=&#8221;3.25&#8243; custom_padding=&#8221;|||&#8221; custom_padding__hover=&#8221;|||&#8221;][et_pb_image src=&#8221;http:\/\/www.prinzauto.com\/wp-content\/uploads\/2020\/04\/IMG_7457-scaled.jpg&#8221; force_fullwidth=&#8221;on&#8221; align_tablet=&#8221;center&#8221; align_phone=&#8221;&#8221; align_last_edited=&#8221;on|desktop&#8221; _builder_version=&#8221;4.4.1&#8243; animation_style=&#8221;fade&#8221;][\/et_pb_image][et_pb_image src=&#8221;http:\/\/www.prinzauto.com\/wp-content\/uploads\/2020\/04\/DSC_5007-scaled.jpg&#8221; force_fullwidth=&#8221;on&#8221; align_tablet=&#8221;center&#8221; align_phone=&#8221;&#8221; align_last_edited=&#8221;on|desktop&#8221; _builder_version=&#8221;4.4.1&#8243; animation_style=&#8221;fade&#8221;][\/et_pb_image][et_pb_image src=&#8221;http:\/\/www.prinzauto.com\/wp-content\/uploads\/2020\/04\/DSC_4929-scaled.jpg&#8221; force_fullwidth=&#8221;on&#8221; align_tablet=&#8221;center&#8221; align_phone=&#8221;&#8221; align_last_edited=&#8221;on|desktop&#8221; _builder_version=&#8221;4.4.1&#8243; animation_style=&#8221;fade&#8221;][\/et_pb_image][et_pb_image src=&#8221;http:\/\/www.prinzauto.com\/wp-content\/uploads\/2020\/04\/DSC_4999-scaled.jpg&#8221; force_fullwidth=&#8221;on&#8221; align_tablet=&#8221;center&#8221; align_phone=&#8221;&#8221; align_last_edited=&#8221;on|desktop&#8221; _builder_version=&#8221;4.4.1&#8243; animation_style=&#8221;fade&#8221;][\/et_pb_image][et_pb_image src=&#8221;http:\/\/www.prinzauto.com\/wp-content\/uploads\/2020\/04\/DSC_5000-scaled.jpg&#8221; force_fullwidth=&#8221;on&#8221; align_tablet=&#8221;center&#8221; align_phone=&#8221;&#8221; align_last_edited=&#8221;on|desktop&#8221; _builder_version=&#8221;4.4.1&#8243; animation_style=&#8221;fade&#8221;][\/et_pb_image][et_pb_image src=&#8221;https:\/\/www.prinzauto.com\/wp-content\/uploads\/2020\/12\/IMG_7608-scaled.jpg&#8221; title_text=&#8221;IMG_7608&#8243; _builder_version=&#8221;4.7.7&#8243; _module_preset=&#8221;default&#8221;][\/et_pb_image][et_pb_image src=&#8221;https:\/\/www.prinzauto.com\/wp-content\/uploads\/2020\/12\/IMG_7455-scaled.jpg&#8221; title_text=&#8221;IMG_7455&#8243; _builder_version=&#8221;4.7.7&#8243; _module_preset=&#8221;default&#8221;][\/et_pb_image][\/et_pb_column][et_pb_column type=&#8221;1_3&#8243; _builder_version=&#8221;3.25&#8243; custom_padding=&#8221;|||&#8221; custom_padding__hover=&#8221;|||&#8221;][et_pb_image src=&#8221;http:\/\/www.prinzauto.com\/wp-content\/uploads\/2020\/04\/DSC_5127-scaled.jpg&#8221; force_fullwidth=&#8221;on&#8221; align_tablet=&#8221;center&#8221; align_phone=&#8221;&#8221; align_last_edited=&#8221;on|desktop&#8221; _builder_version=&#8221;4.4.1&#8243; animation_style=&#8221;fade&#8221;][\/et_pb_image][et_pb_image src=&#8221;http:\/\/www.prinzauto.com\/wp-content\/uploads\/2020\/04\/DSC_4995-scaled.jpg&#8221; force_fullwidth=&#8221;on&#8221; align_tablet=&#8221;center&#8221; align_phone=&#8221;&#8221; align_last_edited=&#8221;on|desktop&#8221; _builder_version=&#8221;4.4.1&#8243; animation_style=&#8221;fade&#8221;][\/et_pb_image][et_pb_image src=&#8221;http:\/\/www.prinzauto.com\/wp-content\/uploads\/2020\/04\/DSC_5040-scaled.jpg&#8221; force_fullwidth=&#8221;on&#8221; align_tablet=&#8221;center&#8221; align_phone=&#8221;&#8221; align_last_edited=&#8221;on|desktop&#8221; _builder_version=&#8221;4.4.1&#8243; animation_style=&#8221;fade&#8221;][\/et_pb_image][et_pb_image src=&#8221;http:\/\/www.prinzauto.com\/wp-content\/uploads\/2020\/04\/DSC_4993-scaled.jpg&#8221; force_fullwidth=&#8221;on&#8221; align_tablet=&#8221;center&#8221; align_phone=&#8221;&#8221; align_last_edited=&#8221;on|desktop&#8221; _builder_version=&#8221;4.4.1&#8243; animation_style=&#8221;fade&#8221;][\/et_pb_image][et_pb_image src=&#8221;http:\/\/www.prinzauto.com\/wp-content\/uploads\/2020\/04\/DSC_5006-scaled.jpg&#8221; force_fullwidth=&#8221;on&#8221; align_tablet=&#8221;center&#8221; align_phone=&#8221;&#8221; align_last_edited=&#8221;on|desktop&#8221; _builder_version=&#8221;4.4.1&#8243; animation_style=&#8221;fade&#8221;][\/et_pb_image][et_pb_image src=&#8221;https:\/\/www.prinzauto.com\/wp-content\/uploads\/2020\/12\/IMG_7545-scaled.jpg&#8221; title_text=&#8221;IMG_7545&#8243; _builder_version=&#8221;4.7.7&#8243; _module_preset=&#8221;default&#8221;][\/et_pb_image][et_pb_image src=&#8221;https:\/\/www.prinzauto.com\/wp-content\/uploads\/2020\/12\/IMG_7599-scaled.jpg&#8221; title_text=&#8221;IMG_7599&#8243; _builder_version=&#8221;4.7.7&#8243; _module_preset=&#8221;default&#8221;][\/et_pb_image][\/et_pb_column][\/et_pb_row][\/et_pb_section][et_pb_section fb_built=&#8221;1&#8243; admin_label=&#8221;Classes Section&#8221; _builder_version=&#8221;3.22&#8243; background_color=&#8221;#1e1d1c&#8221; custom_padding=&#8221;91px||91px|&#8221;][et_pb_row column_structure=&#8221;3_5,2_5&#8243; admin_label=&#8221;Class Area&#8221; _builder_version=&#8221;3.25&#8243; custom_padding=&#8221;60px|0px|60px|0px&#8221; locked=&#8221;off&#8221;][et_pb_column type=&#8221;3_5&#8243; _builder_version=&#8221;3.25&#8243; custom_padding=&#8221;|||&#8221; custom_padding__hover=&#8221;|||&#8221;][et_pb_image src=&#8221;http:\/\/www.prinzauto.com\/wp-content\/uploads\/2020\/04\/algerie-rechange-scaled.jpg&#8221; _builder_version=&#8221;4.4.1&#8243;][\/et_pb_image][\/et_pb_column][et_pb_column type=&#8221;2_5&#8243; _builder_version=&#8221;3.25&#8243; custom_padding=&#8221;|||&#8221; custom_padding__hover=&#8221;|||&#8221;]<\/p>\n<p>[dsm_animated_gradient_text animated_gradient_text=&#8221;%22 Il est des histoires que l\u2019on aime raconter, des histoires d\u2019hommes en fait, qui se laissent aller \u00e0 croire qu\u2019en ce monde, si on veut, on peut, si on y croit, on se lance, et si on est convaincu de servir la qualit\u00e9, on y va \u00e0 fond. Une histoire qu\u2019on aime parce qu\u2019elle d\u00e9bute par l\u2019amiti\u00e9 de deux personnes qui \u00e9voluent dans des univers diff\u00e9rents, l\u2019un est plut\u00f4t dans la strat\u00e9gie, le produit et le marketing, l\u2019autre a le commerce dans la peau, la rechange comme deuxi\u00e8me \u00e9pouse, et la connaissance du march\u00e9 comme atout ma\u00eetre. Deux personnalit\u00e9s qui ont, d\u00e9j\u00e0, trac\u00e9 leur chemin et valid\u00e9 leurs visas d\u2019entr\u00e9e au c\u0153ur de la distribution traditionnelle, dont ils sont les condisciples \u2026&#8221; animated_gradient_direction=&#8221;0deg&#8221; animated_gradient_speed=&#8221;4s&#8221; gradient_one_color=&#8221;#ffffff&#8221; gradient_two_color=&#8221;#e02b20&#8243; gradient_three_color=&#8221;#fc9569&#8243; gradient_four_color=&#8221;#57e6ff&#8221; _builder_version=&#8221;4.4.1&#8243; header_font=&#8221;||||||||&#8221; header_font_size=&#8221;46px&#8221;][\/dsm_animated_gradient_text]<\/p>\n<p>[\/et_pb_column][\/et_pb_row][\/et_pb_section][et_pb_section fb_built=&#8221;1&#8243; admin_label=&#8221;Divider Section&#8221; _builder_version=&#8221;3.22&#8243; background_color=&#8221;#1e1d1c&#8221; custom_padding=&#8221;0px||0px|&#8221;][et_pb_row admin_label=&#8221;Divider Area&#8221; _builder_version=&#8221;3.25&#8243; custom_padding=&#8221;0px||0px|&#8221;][et_pb_column type=&#8221;4_4&#8243; _builder_version=&#8221;3.25&#8243; custom_padding=&#8221;|||&#8221; custom_padding__hover=&#8221;|||&#8221;]<\/p>\n<p>[et_pb_divider color=&#8221;rgba(255,255,255,0.12)&#8221; divider_position=&#8221;center&#8221; _builder_version=&#8221;3.2&#8243;][\/et_pb_divider]<\/p>\n<p>[\/et_pb_column][\/et_pb_row][\/et_pb_section][et_pb_section fb_built=&#8221;1&#8243; admin_label=&#8221;Divider Section&#8221; _builder_version=&#8221;3.22&#8243; background_color=&#8221;#1e1d1c&#8221; custom_padding=&#8221;0px||0px|&#8221;][et_pb_row admin_label=&#8221;Divider Area&#8221; _builder_version=&#8221;3.25&#8243; custom_padding=&#8221;0px||0px|&#8221;][et_pb_column type=&#8221;4_4&#8243; _builder_version=&#8221;3.25&#8243; custom_padding=&#8221;|||&#8221; custom_padding__hover=&#8221;|||&#8221;]<\/p>\n<p>[et_pb_divider color=&#8221;rgba(255,255,255,0.12)&#8221; divider_position=&#8221;center&#8221; _builder_version=&#8221;3.2&#8243;][\/et_pb_divider]<\/p>\n<p>[\/et_pb_column][\/et_pb_row][\/et_pb_section]<\/p>\n","protected":false},"excerpt":{"rendered":"<p>Equip Auto 2020 Alger\u0634\u0643\u0631\u0627 \u0644\u0632\u064a\u0627\u0631\u062a\u0643\u0645 \u0644\u062c\u0646\u0627\u062d\u0646\u0627 \u062e\u0644\u0627\u0644 \u0645\u0639\u0631\u0636 \u0627\u0644\u062a\u062c\u0627\u0631\u064a \u0627\u0644\u062f\u0648\u0644\u064a \u0627\u0644\u0630\u064a \u0623\u0642\u064a\u0645 \u0641\u064a \u0627\u0644\u062c\u0632\u0627\u0626\u0631 \u0627\u0644\u0639\u0627\u0635\u0645\u0629 \u060c \u0648\u0646\u0623\u0645\u0644 \u0623\u0646 \u064a\u0643\u0648\u0646 \u0641\u0631\u064a\u0642 \u0642\u062f \u062d\u0642\u0642 \u062a\u0648\u0642\u0639\u0627\u062a\u0643 \u060c \u0648\u0646\u062a\u0637\u0644\u0639 \u0625\u0644\u0649 \u0631\u0624\u064a\u062a\u0643 \u0641\u064a \u0627\u0644\u0645\u0639\u0627\u0631\u0636 \u0627\u0644\u0642\u0627\u062f\u0645\u0629<div class=\"et_pb_module dsm_animated_gradient_text dsm_animated_gradient_text_0\">\n\t\t\t\t\n\t\t\t\t\n\t\t\t\t\n\t\t\t\t\n\t\t\t\t\n\t\t\t\t\n\t\t\t\t<div class=\"et_pb_module_inner\">\n\t\t\t\t\t<h2 class=\"dsm-animated-gradient-text et_pb_module_header\">&#8221;\"<\/h2>\n\t\t\t\t<\/div>\n\t\t\t<\/div><\/p>\n","protected":false},"author":1,"featured_media":0,"parent":0,"menu_order":6,"comment_status":"closed","ping_status":"closed","template":"","meta":{"_et_pb_use_builder":"on","_et_pb_old_content":"","_et_gb_content_width":"","footnotes":""},"class_list":["post-51483","page","type-page","status-publish","hentry"],"yoast_head":"<!-- This site is optimized with the Yoast SEO plugin v20.12 - https:\/\/yoast.com\/wordpress\/plugins\/seo\/ -->\n<title>Equip Auto 2020 Alger - PRINZ<\/title>\n<meta name=\"robots\" content=\"index, follow, max-snippet:-1, max-image-preview:large, max-video-preview:-1\" \/>\n<link rel=\"canonical\" href=\"https:\/\/www.prinzauto.com\/ar\/equip-auto-2020-alger\/\" \/>\n<meta property=\"og:locale\" content=\"ar_AR\" \/>\n<meta property=\"og:type\" content=\"article\" \/>\n<meta property=\"og:title\" content=\"Equip Auto 2020 Alger - PRINZ\" \/>\n<meta property=\"og:description\" content=\"Equip Auto 2020 Alger\u0634\u0643\u0631\u0627 \u0644\u0632\u064a\u0627\u0631\u062a\u0643\u0645 \u0644\u062c\u0646\u0627\u062d\u0646\u0627 \u062e\u0644\u0627\u0644 \u0645\u0639\u0631\u0636 \u0627\u0644\u062a\u062c\u0627\u0631\u064a \u0627\u0644\u062f\u0648\u0644\u064a \u0627\u0644\u0630\u064a \u0623\u0642\u064a\u0645 \u0641\u064a \u0627\u0644\u062c\u0632\u0627\u0626\u0631 \u0627\u0644\u0639\u0627\u0635\u0645\u0629 \u060c \u0648\u0646\u0623\u0645\u0644 \u0623\u0646 \u064a\u0643\u0648\u0646 \u0641\u0631\u064a\u0642 \u0642\u062f \u062d\u0642\u0642 \u062a\u0648\u0642\u0639\u0627\u062a\u0643 \u060c \u0648\u0646\u062a\u0637\u0644\u0639 \u0625\u0644\u0649 \u0631\u0624\u064a\u062a\u0643 \u0641\u064a \u0627\u0644\u0645\u0639\u0627\u0631\u0636 \u0627\u0644\u0642\u0627\u062f\u0645\u0629\" \/>\n<meta property=\"og:url\" content=\"https:\/\/www.prinzauto.com\/ar\/equip-auto-2020-alger\/\" \/>\n<meta property=\"og:site_name\" content=\"PRINZ\" \/>\n<meta property=\"article:modified_time\" content=\"2021-10-18T13:03:45+00:00\" \/>\n<meta name=\"twitter:card\" content=\"summary_large_image\" \/>\n<meta name=\"twitter:label1\" content=\"\u0648\u0642\u062a \u0627\u0644\u0642\u0631\u0627\u0621\u0629 \u0627\u0644\u0645\u064f\u0642\u062f\u0651\u0631\" \/>\n\t<meta name=\"twitter:data1\" content=\"7 \u062f\u0642\u0627\u0626\u0642\" \/>\n<script type=\"application\/ld+json\" class=\"yoast-schema-graph\">{\"@context\":\"https:\/\/schema.org\",\"@graph\":[{\"@type\":\"WebPage\",\"@id\":\"https:\/\/www.prinzauto.com\/ar\/equip-auto-2020-alger\/\",\"url\":\"https:\/\/www.prinzauto.com\/ar\/equip-auto-2020-alger\/\",\"name\":\"Equip Auto 2020 Alger - PRINZ\",\"isPartOf\":{\"@id\":\"https:\/\/www.prinzauto.com\/#website\"},\"datePublished\":\"2021-03-09T14:17:08+00:00\",\"dateModified\":\"2021-10-18T13:03:45+00:00\",\"breadcrumb\":{\"@id\":\"https:\/\/www.prinzauto.com\/ar\/equip-auto-2020-alger\/#breadcrumb\"},\"inLanguage\":\"ar\",\"potentialAction\":[{\"@type\":\"ReadAction\",\"target\":[\"https:\/\/www.prinzauto.com\/ar\/equip-auto-2020-alger\/\"]}]},{\"@type\":\"BreadcrumbList\",\"@id\":\"https:\/\/www.prinzauto.com\/ar\/equip-auto-2020-alger\/#breadcrumb\",\"itemListElement\":[{\"@type\":\"ListItem\",\"position\":1,\"name\":\"Accueil\",\"item\":\"https:\/\/www.prinzauto.com\/\"},{\"@type\":\"ListItem\",\"position\":2,\"name\":\"Equip Auto 2020 Alger\"}]},{\"@type\":\"WebSite\",\"@id\":\"https:\/\/www.prinzauto.com\/#website\",\"url\":\"https:\/\/www.prinzauto.com\/\",\"name\":\"PRINZ\",\"description\":\"Nothing But The Best\",\"potentialAction\":[{\"@type\":\"SearchAction\",\"target\":{\"@type\":\"EntryPoint\",\"urlTemplate\":\"https:\/\/www.prinzauto.com\/?s={search_term_string}\"},\"query-input\":\"required name=search_term_string\"}],\"inLanguage\":\"ar\"}]}<\/script>\n<!-- \/ Yoast SEO plugin. -->","yoast_head_json":{"title":"Equip Auto 2020 Alger - PRINZ","robots":{"index":"index","follow":"follow","max-snippet":"max-snippet:-1","max-image-preview":"max-image-preview:large","max-video-preview":"max-video-preview:-1"},"canonical":"https:\/\/www.prinzauto.com\/ar\/equip-auto-2020-alger\/","og_locale":"ar_AR","og_type":"article","og_title":"Equip Auto 2020 Alger - PRINZ","og_description":"Equip Auto 2020 Alger\u0634\u0643\u0631\u0627 \u0644\u0632\u064a\u0627\u0631\u062a\u0643\u0645 \u0644\u062c\u0646\u0627\u062d\u0646\u0627 \u062e\u0644\u0627\u0644 \u0645\u0639\u0631\u0636 \u0627\u0644\u062a\u062c\u0627\u0631\u064a \u0627\u0644\u062f\u0648\u0644\u064a \u0627\u0644\u0630\u064a \u0623\u0642\u064a\u0645 \u0641\u064a \u0627\u0644\u062c\u0632\u0627\u0626\u0631 \u0627\u0644\u0639\u0627\u0635\u0645\u0629 \u060c \u0648\u0646\u0623\u0645\u0644 \u0623\u0646 \u064a\u0643\u0648\u0646 \u0641\u0631\u064a\u0642 \u0642\u062f \u062d\u0642\u0642 \u062a\u0648\u0642\u0639\u0627\u062a\u0643 \u060c \u0648\u0646\u062a\u0637\u0644\u0639 \u0625\u0644\u0649 \u0631\u0624\u064a\u062a\u0643 \u0641\u064a \u0627\u0644\u0645\u0639\u0627\u0631\u0636 \u0627\u0644\u0642\u0627\u062f\u0645\u0629","og_url":"https:\/\/www.prinzauto.com\/ar\/equip-auto-2020-alger\/","og_site_name":"PRINZ","article_modified_time":"2021-10-18T13:03:45+00:00","twitter_card":"summary_large_image","twitter_misc":{"\u0648\u0642\u062a \u0627\u0644\u0642\u0631\u0627\u0621\u0629 \u0627\u0644\u0645\u064f\u0642\u062f\u0651\u0631":"7 \u062f\u0642\u0627\u0626\u0642"},"schema":{"@context":"https:\/\/schema.org","@graph":[{"@type":"WebPage","@id":"https:\/\/www.prinzauto.com\/ar\/equip-auto-2020-alger\/","url":"https:\/\/www.prinzauto.com\/ar\/equip-auto-2020-alger\/","name":"Equip Auto 2020 Alger - PRINZ","isPartOf":{"@id":"https:\/\/www.prinzauto.com\/#website"},"datePublished":"2021-03-09T14:17:08+00:00","dateModified":"2021-10-18T13:03:45+00:00","breadcrumb":{"@id":"https:\/\/www.prinzauto.com\/ar\/equip-auto-2020-alger\/#breadcrumb"},"inLanguage":"ar","potentialAction":[{"@type":"ReadAction","target":["https:\/\/www.prinzauto.com\/ar\/equip-auto-2020-alger\/"]}]},{"@type":"BreadcrumbList","@id":"https:\/\/www.prinzauto.com\/ar\/equip-auto-2020-alger\/#breadcrumb","itemListElement":[{"@type":"ListItem","position":1,"name":"Accueil","item":"https:\/\/www.prinzauto.com\/"},{"@type":"ListItem","position":2,"name":"Equip Auto 2020 Alger"}]},{"@type":"WebSite","@id":"https:\/\/www.prinzauto.com\/#website","url":"https:\/\/www.prinzauto.com\/","name":"PRINZ","description":"Nothing But The Best","potentialAction":[{"@type":"SearchAction","target":{"@type":"EntryPoint","urlTemplate":"https:\/\/www.prinzauto.com\/?s={search_term_string}"},"query-input":"required name=search_term_string"}],"inLanguage":"ar"}]}},"_links":{"self":[{"href":"https:\/\/www.prinzauto.com\/ar\/wp-json\/wp\/v2\/pages\/51483","targetHints":{"allow":["GET"]}}],"collection":[{"href":"https:\/\/www.prinzauto.com\/ar\/wp-json\/wp\/v2\/pages"}],"about":[{"href":"https:\/\/www.prinzauto.com\/ar\/wp-json\/wp\/v2\/types\/page"}],"author":[{"embeddable":true,"href":"https:\/\/www.prinzauto.com\/ar\/wp-json\/wp\/v2\/users\/1"}],"replies":[{"embeddable":true,"href":"https:\/\/www.prinzauto.com\/ar\/wp-json\/wp\/v2\/comments?post=51483"}],"version-history":[{"count":10,"href":"https:\/\/www.prinzauto.com\/ar\/wp-json\/wp\/v2\/pages\/51483\/revisions"}],"predecessor-version":[{"id":54774,"href":"https:\/\/www.prinzauto.com\/ar\/wp-json\/wp\/v2\/pages\/51483\/revisions\/54774"}],"wp:attachment":[{"href":"https:\/\/www.prinzauto.com\/ar\/wp-json\/wp\/v2\/media?parent=51483"}],"curies":[{"name":"wp","href":"https:\/\/api.w.org\/{rel}","templated":true}]}}